{"id":1046,"date":"2025-07-11T12:54:39","date_gmt":"2025-07-11T12:54:39","guid":{"rendered":"http:\/\/abragciems.dev.born.lv\/cabins\/2-vietiga-kempinga-majina-ar-terasi\/"},"modified":"2026-03-17T15:04:43","modified_gmt":"2026-03-17T15:04:43","slug":"2-bed-camping-cabin-with-a-terrace","status":"publish","type":"page","link":"https:\/\/abragciems.lv\/en\/cabins\/2-bed-camping-cabin-with-a-terrace\/","title":{"rendered":"2-bed camping cabin with a terrace"},"content":{"rendered":"\n<p>For an additional charge: parking spot, firewood, laundry washing and drying, use of sports equipment.<\/p>\n\n\n\n<p>Smoking is permitted in the designated spaces only.<\/p>\n\n\n\n<p><\/p>\n","protected":false},"excerpt":{"rendered":"<p>Only a few steps from the shore and woodland paths, every cabin offers a view of the sea.<br \/>\nEach cabin has everything you need for a comfortable stay.<\/p>\n","protected":false},"author":1,"featured_media":350,"parent":1022,"menu_order":0,"comment_status":"closed","ping_status":"closed","template":"template-product.php","meta":{"_acf_changed":false,"inline_featured_image":false,"footnotes":""},"class_list":["post-1046","page","type-page","status-publish","has-post-thumbnail","hentry"],"acf":[],"yoast_head":"<!-- This site is optimized with the Yoast SEO plugin v27.5 - https:\/\/yoast.com\/product\/yoast-seo-wordpress\/ -->\n<title>2-bed camping cabin with a terrace - Abragciems<\/title>\n<meta name=\"description\" content=\"Only a few steps from the shore and woodland paths, every cabin offers a view of the sea.Each cabin has everything you need for a comfortable stay.\" \/>\n<meta name=\"robots\" content=\"index, follow, max-snippet:-1, max-image-preview:large, max-video-preview:-1\" \/>\n<link rel=\"canonical\" href=\"https:\/\/abragciems.lv\/en\/cabins\/2-bed-camping-cabin-with-a-terrace\/\" \/>\n<meta property=\"og:locale\" content=\"en_US\" \/>\n<meta property=\"og:type\" content=\"article\" \/>\n<meta property=\"og:title\" content=\"2-bed camping cabin with a terrace - Abragciems\" \/>\n<meta property=\"og:description\" content=\"Only a few steps from the shore and woodland paths, every cabin offers a view of the sea.Each cabin has everything you need for a comfortable stay.\" \/>\n<meta property=\"og:url\" content=\"https:\/\/abragciems.lv\/en\/cabins\/2-bed-camping-cabin-with-a-terrace\/\" \/>\n<meta property=\"og:site_name\" content=\"Abragciems\" \/>\n<meta property=\"article:modified_time\" content=\"2026-03-17T15:04:43+00:00\" \/>\n<meta property=\"og:image\" content=\"https:\/\/abragciems.lv\/wp-content\/uploads\/2025\/07\/Romantiskam_brivdienam_Abragciems.jpg\" \/>\n\t<meta property=\"og:image:width\" content=\"380\" \/>\n\t<meta property=\"og:image:height\" content=\"261\" \/>\n\t<meta property=\"og:image:type\" content=\"image\/jpeg\" \/>\n<meta name=\"twitter:card\" content=\"summary_large_image\" \/>\n<meta name=\"twitter:label1\" content=\"Est. reading time\" \/>\n\t<meta name=\"twitter:data1\" content=\"1 minute\" \/>\n<!-- \/ Yoast SEO plugin. -->","yoast_head_json":{"title":"2-bed camping cabin with a terrace - Abragciems","description":"Only a few steps from the shore and woodland paths, every cabin offers a view of the sea.Each cabin has everything you need for a comfortable stay.","robots":{"index":"index","follow":"follow","max-snippet":"max-snippet:-1","max-image-preview":"max-image-preview:large","max-video-preview":"max-video-preview:-1"},"canonical":"https:\/\/abragciems.lv\/en\/cabins\/2-bed-camping-cabin-with-a-terrace\/","og_locale":"en_US","og_type":"article","og_title":"2-bed camping cabin with a terrace - Abragciems","og_description":"Only a few steps from the shore and woodland paths, every cabin offers a view of the sea.Each cabin has everything you need for a comfortable stay.","og_url":"https:\/\/abragciems.lv\/en\/cabins\/2-bed-camping-cabin-with-a-terrace\/","og_site_name":"Abragciems","article_modified_time":"2026-03-17T15:04:43+00:00","og_image":[{"width":380,"height":261,"url":"https:\/\/abragciems.lv\/wp-content\/uploads\/2025\/07\/Romantiskam_brivdienam_Abragciems.jpg","type":"image\/jpeg"}],"twitter_card":"summary_large_image","twitter_misc":{"Est. reading time":"1 minute"},"schema":{"@context":"https:\/\/schema.org","@graph":[{"@type":"WebPage","@id":"https:\/\/abragciems.lv\/en\/cabins\/2-bed-camping-cabin-with-a-terrace\/","url":"https:\/\/abragciems.lv\/en\/cabins\/2-bed-camping-cabin-with-a-terrace\/","name":"2-bed camping cabin with a terrace - Abragciems","isPartOf":{"@id":"https:\/\/abragciems.lv\/#website"},"primaryImageOfPage":{"@id":"https:\/\/abragciems.lv\/en\/cabins\/2-bed-camping-cabin-with-a-terrace\/#primaryimage"},"image":{"@id":"https:\/\/abragciems.lv\/en\/cabins\/2-bed-camping-cabin-with-a-terrace\/#primaryimage"},"thumbnailUrl":"https:\/\/abragciems.lv\/wp-content\/uploads\/2025\/07\/Romantiskam_brivdienam_Abragciems.jpg","datePublished":"2025-07-11T12:54:39+00:00","dateModified":"2026-03-17T15:04:43+00:00","description":"Only a few steps from the shore and woodland paths, every cabin offers a view of the sea.Each cabin has everything you need for a comfortable stay.","breadcrumb":{"@id":"https:\/\/abragciems.lv\/en\/cabins\/2-bed-camping-cabin-with-a-terrace\/#breadcrumb"},"inLanguage":"en-US","potentialAction":[{"@type":"ReadAction","target":["https:\/\/abragciems.lv\/en\/cabins\/2-bed-camping-cabin-with-a-terrace\/"]}]},{"@type":"ImageObject","inLanguage":"en-US","@id":"https:\/\/abragciems.lv\/en\/cabins\/2-bed-camping-cabin-with-a-terrace\/#primaryimage","url":"https:\/\/abragciems.lv\/wp-content\/uploads\/2025\/07\/Romantiskam_brivdienam_Abragciems.jpg","contentUrl":"https:\/\/abragciems.lv\/wp-content\/uploads\/2025\/07\/Romantiskam_brivdienam_Abragciems.jpg","width":380,"height":261,"caption":"2-viet\u012bg\u0101 m\u0101ji\u0146a ar terasi"},{"@type":"BreadcrumbList","@id":"https:\/\/abragciems.lv\/en\/cabins\/2-bed-camping-cabin-with-a-terrace\/#breadcrumb","itemListElement":[{"@type":"ListItem","position":1,"name":"Home","item":"https:\/\/abragciems.lv\/en\/"},{"@type":"ListItem","position":2,"name":"Cabins","item":"https:\/\/abragciems.lv\/en\/cabins\/"},{"@type":"ListItem","position":3,"name":"2-bed camping cabin with a terrace"}]},{"@type":"WebSite","@id":"https:\/\/abragciems.lv\/#website","url":"https:\/\/abragciems.lv\/","name":"Abragciems","description":"B\u0101ze mierpilniem piedz\u012bvojumiem pie j\u016bras","potentialAction":[{"@type":"SearchAction","target":{"@type":"EntryPoint","urlTemplate":"https:\/\/abragciems.lv\/?s={search_term_string}"},"query-input":{"@type":"PropertyValueSpecification","valueRequired":true,"valueName":"search_term_string"}}],"inLanguage":"en-US"}]}},"_links":{"self":[{"href":"https:\/\/abragciems.lv\/en\/wp-json\/wp\/v2\/pages\/1046","targetHints":{"allow":["GET"]}}],"collection":[{"href":"https:\/\/abragciems.lv\/en\/wp-json\/wp\/v2\/pages"}],"about":[{"href":"https:\/\/abragciems.lv\/en\/wp-json\/wp\/v2\/types\/page"}],"author":[{"embeddable":true,"href":"https:\/\/abragciems.lv\/en\/wp-json\/wp\/v2\/users\/1"}],"replies":[{"embeddable":true,"href":"https:\/\/abragciems.lv\/en\/wp-json\/wp\/v2\/comments?post=1046"}],"version-history":[{"count":3,"href":"https:\/\/abragciems.lv\/en\/wp-json\/wp\/v2\/pages\/1046\/revisions"}],"predecessor-version":[{"id":1130,"href":"https:\/\/abragciems.lv\/en\/wp-json\/wp\/v2\/pages\/1046\/revisions\/1130"}],"up":[{"embeddable":true,"href":"https:\/\/abragciems.lv\/en\/wp-json\/wp\/v2\/pages\/1022"}],"wp:featuredmedia":[{"embeddable":true,"href":"https:\/\/abragciems.lv\/en\/wp-json\/wp\/v2\/media\/350"}],"wp:attachment":[{"href":"https:\/\/abragciems.lv\/en\/wp-json\/wp\/v2\/media?parent=1046"}],"curies":[{"name":"wp","href":"https:\/\/api.w.org\/{rel}","templated":true}]}}